{"id":10668,"date":"2022-12-04T21:32:09","date_gmt":"2022-12-04T18:32:09","guid":{"rendered":"https:\/\/www.get4s.com\/?page_id=10668"},"modified":"2022-12-04T21:34:15","modified_gmt":"2022-12-04T18:34:15","slug":"kvkk","status":"publish","type":"page","link":"https:\/\/www.get4s.com\/de\/kvkk\/","title":{"rendered":"KVKK"},"content":{"rendered":"<div data-elementor-type=\"wp-page\" data-elementor-id=\"10668\" class=\"elementor elementor-10668\">\n\t\t\t\t\t\t\t\t\t<section class=\"elementor-section elementor-top-section elementor-element elementor-element-1d3ab60 elementor-section-boxed elementor-section-height-default elementor-section-height-default\" data-id=\"1d3ab60\" data-element_type=\"section\">\n\t\t\t\t\t\t<div class=\"elementor-container elementor-column-gap-default\">\n\t\t\t\t\t<div class=\"elementor-column elementor-col-100 elementor-top-column elementor-element elementor-element-713aa8d ot-flex-column-vertical\" data-id=\"713aa8d\" data-element_type=\"column\">\n\t\t\t<div class=\"elementor-widget-wrap elementor-element-populated\">\n\t\t\t\t\t\t\t\t<div class=\"elementor-element elementor-element-d73e874 elementor-widget elementor-widget-text-editor\" data-id=\"d73e874\" data-element_type=\"widget\" data-widget_type=\"text-editor.default\">\n\t\t\t\t<div class=\"elementor-widget-container\">\n\t\t\t<style>\/*! elementor - v3.8.1 - 13-11-2022 *\/\n.elementor-widget-text-editor.elementor-drop-cap-view-stacked .elementor-drop-cap{background-color:#818a91;color:#fff}.elementor-widget-text-editor.elementor-drop-cap-view-framed .elementor-drop-cap{color:#818a91;border:3px solid;background-color:transparent}.elementor-widget-text-editor:not(.elementor-drop-cap-view-default) .elementor-drop-cap{margin-top:8px}.elementor-widget-text-editor:not(.elementor-drop-cap-view-default) .elementor-drop-cap-letter{width:1em;height:1em}.elementor-widget-text-editor .elementor-drop-cap{float:left;text-align:center;line-height:1;font-size:50px}.elementor-widget-text-editor .elementor-drop-cap-letter{display:inline-block}<\/style>\t\t\t\t<p><strong>Ki\u015fisel Verilerin Korunmas\u0131 Kanunu Ayd\u0131nlatma Metni<\/strong><\/p><p>6698 Say\u0131l\u0131 Ki\u015fisel Verilerin Korunmas\u0131 Kanunu\u2019nun (\u201cKVKK\u201d) 10. maddesi \u201cVeri Sorumlusunun Ayd\u0131nlatma Y\u00fck\u00fcml\u00fcl\u00fc\u011f\u00fc\u201d madde ba\u015fl\u0131\u011f\u0131 alt\u0131nda veri sorumlusu olan Beliz Armin Turizm Ta\u015f\u0131mac\u0131l\u0131k \u0130n\u015f. San. Tic. \u0130th. \u0130hr. LTD. \u015eT\u0130. (GET4S)\u2019in adres ve bilgileri, ki\u015fisel verilerin hangi ama\u00e7la i\u015flenece\u011fi, i\u015flenen ki\u015fisel verilerin kimlere ve hangi ama\u00e7la aktar\u0131labilece\u011fi, ki\u015fisel veri toplaman\u0131n y\u00f6ntemi ve hukuki sebebi, ki\u015fisel veri sahibinin veri sorumlusuna y\u00f6neltebilece\u011fi ve KVKK\u2019n\u0131n 11. Maddesinde yer verilen haklar\u0131 konusunda bilgilendirme y\u00fck\u00fcml\u00fcl\u00fc\u011f\u00fc getirmi\u015ftir.<\/p><p>\u0130\u015fbu Ayd\u0131nlatma Metni KVKK ve ilgili mevzuat uyar\u0131nca veri sahiplerini bilgilendirmek ve ayd\u0131nlatmak amac\u0131 ile haz\u0131rlanm\u0131\u015ft\u0131r.<\/p><p><strong>Veri Sorumlusunun Kimli\u011fi<\/strong><\/p><p><strong><br \/>Veri\u00a0Sorumlusu:<\/strong>\u00a0Beliz Armin Turizm Ta\u015f\u0131mac\u0131l\u0131k \u0130n\u015f. San. Tic. \u0130th. \u0130hr. LTD. \u015eT\u0130. \u2013 GET4S<\/p><p><strong>Telefon:<\/strong>\u00a0+90 (546) 168 4541<\/p><p><strong>Web Adresi:<\/strong>\u00a0<a href=\"https:\/\/www.get4s.com\/de\/\">www.get4s.com<\/a><\/p><p><strong>Adres:<\/strong>\u00a0Ta\u015fyaka Mah. 145. (TSY) No: 32 \u0130\u00e7 Kap\u0131 No: 11 Fethiye\/MU\u011eLA<\/p><p><strong><br \/>Ki\u015fisel Verilerin \u0130\u015flenme Ama\u00e7lar\u0131<\/strong><\/p><p>GET4S\u2019in faaliyetlerini s\u00fcrd\u00fcrebilmesi i\u00e7in KVKK ve ilgili sair Kanun ve mevzuatlar taraf\u0131ndan \u00f6ng\u00f6r\u00fclen esas ve usuller do\u011frultusunda hukuki y\u00fck\u00fcml\u00fcl\u00fcklerimizi yerine getirebilmek amac\u0131yla ki\u015fisel verileriniz i\u015flenmektedir.<\/p><p><br \/><strong>Ki\u015fisel Verilerin \u00dc\u00e7\u00fcnc\u00fc Ki\u015filere ve\/veya Yurt d\u0131\u015f\u0131na Aktar\u0131lmas\u0131<\/strong><\/p><p>Ki\u015fisel Verileriniz yurti\u00e7inde hukuken yetkili devlet veya kamu t\u00fczel ki\u015filikleri ve GET4S\u2019in hizmetlerini daha etkin y\u00fcr\u00fctebilmesi i\u00e7in zorunlu hallerde ilgili protkol kapsam\u0131nda 6698 Say\u0131l\u0131 Ki\u015fisel\u00a0 Verilerin Korunmas\u0131 Kanunu\u2019nun 8. Maddesinde tan\u0131ml\u0131 h\u00fck\u00fcmlere istinaden gerekli \u00f6nlem ve gizlilik anla\u015fmalar\u0131 \u00e7er\u00e7evesinde ilgili t\u00fczel ki\u015filiklere aktar\u0131labilmektedir. Ki\u015fisel Verilerininizin yurtd\u0131\u015f\u0131na aktar\u0131m\u0131 yap\u0131lmamaktad\u0131r.<\/p><p><br \/><strong>Ki\u015fisel Verilerin Toplanma Y\u00f6ntemi ve Hukuki Sebebi<\/strong><\/p><p>Ki\u015fisel verileriniz 6698 Say\u0131l\u0131 Ki\u015fisel Verilerin Korunmas\u0131 Kanunu\u2019nun 5. ve 6. Maddelerinde ifade edilen;<\/p><ul><li>\u0130lgili ki\u015finin a\u00e7\u0131k r\u0131zas\u0131n\u0131n al\u0131nmas\u0131 zorunlu hallerde a\u00e7\u0131k r\u0131zas\u0131na,<\/li><li>Kanunlarda a\u00e7\u0131k\u00e7a \u00f6ng\u00f6r\u00fclmesi,<\/li><li>Bir s\u00f6zle\u015fmenin kurulmas\u0131 veya ifas\u0131yla do\u011frudan do\u011fruya ilgili olmas\u0131 kayd\u0131yla, s\u00f6zle\u015fmenin taraflar\u0131na ait ki\u015fisel verilerin i\u015flenmesinin gerekli olmas\u0131.<\/li><li>Veri sorumlusunun hukuki y\u00fck\u00fcml\u00fcl\u00fc\u011f\u00fcn\u00fc yerine getirebilmesi i\u00e7in zorunlu olmas\u0131.<\/li><li>Bir hakk\u0131n tesisi, kullan\u0131lmas\u0131 veya korunmas\u0131 i\u00e7in veri i\u015flemenin zorunlu olmas\u0131.<\/li><li>\u0130lgili ki\u015finin temel hak ve \u00f6zg\u00fcrl\u00fcklerine zarar vermemek kayd\u0131yla, veri sorumlusunun me\u015fru menfaatleri i\u00e7in veri i\u015flenmesinin zorunlu olmas\u0131 vb. durumlar\u0131na ve Cumhurba\u015fkanl\u0131\u011f\u0131\u2019n\u0131n 4 Say\u0131l\u0131 Kararnamesi\u2019nin 234. Maddesinin (t) f\u0131kras\u0131 ile verilen g\u00f6rev ve yetkiye istinaden;<\/li><\/ul><p><br \/>Ki\u015fisel verileriniz; web sitemiz, sms, e posta gibi kanallarla i\u015flenebilmektedir.<\/p><p><br \/><strong>Ki\u015fisel Verilere Eri\u015fim ve KVKK Kapsam\u0131nda Haklar\u0131n\u0131z<\/strong><\/p><p>KVKK\u2019n\u0131n\u00a0 11.\u00a0 maddesi\u00a0 uyar\u0131nca\u00a0 GET4S\u2019e\u00a0 ba\u015fvurarak;\u00a0 ki\u015fisel\u00a0 verilerinizin\u00a0 i\u015flenip i\u015flenmedi\u011fini \u00f6\u011frenme, i\u015flenmi\u015fse buna ili\u015fkin bilgi talep etme, ki\u015fisel verilerinizin i\u015flenme amac\u0131n\u0131 ve bunlar\u0131n amac\u0131na uygun kullan\u0131l\u0131p kullan\u0131lmad\u0131\u011f\u0131n\u0131 \u00f6\u011frenme, yurt i\u00e7inde ki\u015fisel verilerinizin aktar\u0131ld\u0131\u011f\u0131 \u00fc\u00e7\u00fcnc\u00fc ki\u015fileri bilme, ki\u015fisel verilerinizin eksik veya yanl\u0131\u015f i\u015flenmi\u015f olmas\u0131 halinde bunlar\u0131n d\u00fczeltilmesini isteme ve bu kapsamda yap\u0131lan i\u015flemin ki\u015fisel verilerin aktar\u0131ld\u0131\u011f\u0131 \u00fc\u00e7\u00fcnc\u00fc ki\u015filere bildirilmesini isteme, ama\u00e7, s\u00fcre ve me\u015fruiyet prensipleri dahilinde de\u011ferlendirilmek \u00fczere ki\u015fisel verilerinizin i\u015flenmesini gerektiren sebeplerin ortadan kalkmas\u0131 halinde\u00a0 silinmesini\u00a0 veya\u00a0 yok\u00a0 edilmesini\u00a0 isteme\u00a0 ve\u00a0 bu\u00a0 kapsamda\u00a0 yap\u0131lan\u00a0 i\u015flemin\u00a0 ki\u015fisel verilerin\u00a0 aktar\u0131ld\u0131\u011f\u0131\u00a0 \u00fc\u00e7\u00fcnc\u00fc\u00a0 ki\u015filere\u00a0 bildirilmesini\u00a0 isteme,\u00a0 i\u015flenen\u00a0 ki\u015fisel\u00a0 verilerinizin m\u00fcnhas\u0131ran otomatik sistemler vas\u0131tas\u0131yla analiz edilmesi durumunda aleyhinize bir sonucun ortaya\u00a0 \u00e7\u0131kmas\u0131\u00a0 halinde\u00a0 bu\u00a0 sonuca\u00a0 itiraz\u00a0 etme,\u00a0 ki\u015fisel\u00a0 verilerinizin\u00a0 kanuna\u00a0 ayk\u0131r\u0131\u00a0 olarak i\u015flenmesi ve bu sebeple zarara u\u011framan\u0131z halinde zarar\u0131n giderilmesini talep etme haklar\u0131na sahipsiniz.\u00a0\u00a0\u00a0\u00a0<\/p><p>Bu kapsamda, yukar\u0131daki haklar\u0131n\u0131za ili\u015fkin talebinizi\u00a0<a href=\"https:\/\/www.get4s.com\/de\/\">www.get4s.com<\/a>\u00a0adresinde bildirilen ileti\u015fim kanallar\u0131 \u00fczerinden dijital ortamda veya kimli\u011finizi tespit edici belgeler ile \u0131slak imzal\u0131 bir dilek\u00e7e ile elden teslim edebilir ya da noter arac\u0131l\u0131\u011f\u0131yla g\u00f6nderebilirsiniz.<\/p><p>GET4S, haklar\u0131n\u0131za ili\u015fkin taleplerinizi, talebin niteli\u011fine g\u00f6re talebi en k\u0131sa s\u00fcrede ve en ge\u00e7 30 (otuz) g\u00fcn i\u00e7erisinde sonu\u00e7land\u0131racakt\u0131r.<\/p><p>Ba\u015fvurunuzun a\u00e7\u0131k, anla\u015f\u0131l\u0131r bir \u015fekilde ve kimlik ile adres bilgilerini tespit edici belgeleri de ekleyerek yaz\u0131l\u0131 ve \u0131slak imzal\u0131 olarak elden, postayla ya da noter kanal\u0131yla Ta\u015fyaka Mah. 145. (TSY) No: 32 \u0130\u00e7 Kap\u0131 No: 11 Fethiye\/MU\u011eLA adresine ula\u015ft\u0131rman\u0131z gerekmektedir.<\/p><p>Bu kapsamdaki ba\u015fvurular taraf\u0131m\u0131zdan yap\u0131lacak olan kimlik do\u011frulamas\u0131n\u0131 takiben kabul edilecek olup, ilgi ki\u015filere yasal s\u00fcreler i\u00e7erisinde yaz\u0131l\u0131 olarak veya elektronik ortamda cevap verilecektir.<\/p><p>\u00a0<\/p>\t\t\t\t\t\t<\/div>\n\t\t\t\t<\/div>\n\t\t\t\t\t<\/div>\n\t\t<\/div>\n\t\t\t\t\t\t\t<\/div>\n\t\t<\/section>\n\t\t\t\t\t\t\t<\/div>","protected":false},"excerpt":{"rendered":"<p>Ki\u015fisel Verilerin Korunmas\u0131 Kanunu Ayd\u0131nlatma Metni 6698 Say\u0131l\u0131 Ki\u015fisel Verilerin Korunmas\u0131 Kanunu\u2019nun (\u201cKVKK\u201d) 10. maddesi \u201cVeri Sorumlusunun Ayd\u0131nlatma Y\u00fck\u00fcml\u00fcl\u00fc\u011f\u00fc\u201d madde ba\u015fl\u0131\u011f\u0131 alt\u0131nda veri sorumlusu olan Beliz Armin Turizm Ta\u015f\u0131mac\u0131l\u0131k \u0130n\u015f. San. Tic. \u0130th. \u0130hr. LTD. \u015eT\u0130. (GET4S)\u2019in adres ve bilgileri, ki\u015fisel verilerin hangi ama\u00e7la i\u015flenece\u011fi, i\u015flenen ki\u015fisel verilerin kimlere ve hangi ama\u00e7la aktar\u0131labilece\u011fi, ki\u015fisel veri [&hellip;]<\/p>","protected":false},"author":1,"featured_media":0,"parent":0,"menu_order":0,"comment_status":"closed","ping_status":"closed","template":"","meta":{"footnotes":""},"class_list":["post-10668","page","type-page","status-publish","hentry"],"_links":{"self":[{"href":"https:\/\/www.get4s.com\/de\/wp-json\/wp\/v2\/pages\/10668","targetHints":{"allow":["GET"]}}],"collection":[{"href":"https:\/\/www.get4s.com\/de\/wp-json\/wp\/v2\/pages"}],"about":[{"href":"https:\/\/www.get4s.com\/de\/wp-json\/wp\/v2\/types\/page"}],"author":[{"embeddable":true,"href":"https:\/\/www.get4s.com\/de\/wp-json\/wp\/v2\/users\/1"}],"replies":[{"embeddable":true,"href":"https:\/\/www.get4s.com\/de\/wp-json\/wp\/v2\/comments?post=10668"}],"version-history":[{"count":5,"href":"https:\/\/www.get4s.com\/de\/wp-json\/wp\/v2\/pages\/10668\/revisions"}],"predecessor-version":[{"id":10673,"href":"https:\/\/www.get4s.com\/de\/wp-json\/wp\/v2\/pages\/10668\/revisions\/10673"}],"wp:attachment":[{"href":"https:\/\/www.get4s.com\/de\/wp-json\/wp\/v2\/media?parent=10668"}],"curies":[{"name":"wp","href":"https:\/\/api.w.org\/{rel}","templated":true}]}}