{"id":11648,"date":"2026-04-09T23:53:19","date_gmt":"2026-04-09T20:53:19","guid":{"rendered":"https:\/\/www.get4s.com\/?page_id=11648"},"modified":"2026-04-09T23:57:00","modified_gmt":"2026-04-09T20:57:00","slug":"vip-havalimani-transfer","status":"publish","type":"page","link":"https:\/\/www.get4s.com\/de\/vip-havalimani-transfer\/","title":{"rendered":"VIP Havaliman\u0131 Transfer"},"content":{"rendered":"<div data-elementor-type=\"wp-page\" data-elementor-id=\"11648\" class=\"elementor elementor-11648\">\n\t\t\t\t\t\t\t\t\t<section class=\"elementor-section elementor-top-section elementor-element elementor-element-aeaf1cb elementor-section-content-middle elementor-section-boxed elementor-section-height-default elementor-section-height-default\" data-id=\"aeaf1cb\" data-element_type=\"section\">\n\t\t\t\t\t\t<div class=\"elementor-container elementor-column-gap-extended\">\n\t\t\t\t\t<div class=\"elementor-column elementor-col-100 elementor-top-column elementor-element elementor-element-1feb286 ot-flex-column-vertical\" data-id=\"1feb286\" data-element_type=\"column\">\n\t\t\t<div class=\"elementor-widget-wrap elementor-element-populated\">\n\t\t\t\t\t\t\t\t<div class=\"elementor-element elementor-element-841e06b elementor-widget elementor-widget-iheading\" data-id=\"841e06b\" data-element_type=\"widget\" data-widget_type=\"iheading.default\">\n\t\t\t\t<div class=\"elementor-widget-container\">\n\t\t\t\t\t<div class=\"ot-heading\">\r\n\t        <span class=\"is_highlight\">Get4s<\/span>\t        <h3 class=\"main-head\">VIP Havaliman\u0131 Transfer<\/h3>\t    <\/div>\r\n\t    \t\t<\/div>\n\t\t\t\t<\/div>\n\t\t\t\t<div class=\"elementor-element elementor-element-bb4f4ed elementor-widget elementor-widget-text-editor\" data-id=\"bb4f4ed\" data-element_type=\"widget\" data-widget_type=\"text-editor.default\">\n\t\t\t\t<div class=\"elementor-widget-container\">\n\t\t\t<style>\/*! elementor - v3.8.1 - 13-11-2022 *\/\n.elementor-widget-text-editor.elementor-drop-cap-view-stacked .elementor-drop-cap{background-color:#818a91;color:#fff}.elementor-widget-text-editor.elementor-drop-cap-view-framed .elementor-drop-cap{color:#818a91;border:3px solid;background-color:transparent}.elementor-widget-text-editor:not(.elementor-drop-cap-view-default) .elementor-drop-cap{margin-top:8px}.elementor-widget-text-editor:not(.elementor-drop-cap-view-default) .elementor-drop-cap-letter{width:1em;height:1em}.elementor-widget-text-editor .elementor-drop-cap{float:left;text-align:center;line-height:1;font-size:50px}.elementor-widget-text-editor .elementor-drop-cap-letter{display:inline-block}<\/style>\t\t\t\t<p data-start=\"376\" data-end=\"629\">VIP havaliman\u0131 transfer hizmeti, konfor ve ayr\u0131cal\u0131\u011f\u0131 bir araya getirerek seyahatinizi \u00fcst seviyeye ta\u015f\u0131r. Havaliman\u0131na ini\u015f yapt\u0131\u011f\u0131n\u0131z anda sizi kar\u015f\u0131layan profesyonel s\u00fcr\u00fcc\u00fclerimiz ile beklemeden, stressiz ve konforlu bir yolculuk deneyimi ya\u015fars\u0131n\u0131z.<\/p><p data-start=\"631\" data-end=\"850\">L\u00fcks ve geni\u015f ara\u00e7lardan olu\u015fan filomuz sayesinde ister bireysel ister aile veya i\u015f seyahatlerinizde en uygun \u00e7\u00f6z\u00fcm\u00fc sunuyoruz. T\u00fcm ara\u00e7lar\u0131m\u0131z d\u00fczenli olarak bak\u0131mdan ge\u00e7irilir ve y\u00fcksek konfor standartlar\u0131na sahiptir.<\/p><h3 data-section-id=\"1miftoc\" data-start=\"852\" data-end=\"897\"><span role=\"text\"><strong data-start=\"856\" data-end=\"897\">VIP Transfer Hizmetimizin Avantajlar\u0131<\/strong><\/span><\/h3><ul data-start=\"899\" data-end=\"1106\"><li data-section-id=\"q83ubx\" data-start=\"899\" data-end=\"928\">\u00d6zel \u015fof\u00f6rl\u00fc l\u00fcks ara\u00e7lar<\/li><li data-section-id=\"10kniq\" data-start=\"929\" data-end=\"964\">Havaliman\u0131nda kar\u015f\u0131lama hizmeti<\/li><li data-section-id=\"hbrrxg\" data-start=\"965\" data-end=\"1003\">U\u00e7u\u015f takibi ile zaman\u0131nda transfer<\/li><li data-section-id=\"xu3dsb\" data-start=\"1004\" data-end=\"1047\">Sabit fiyat garantisi (gizli \u00fccret yok)<\/li><li data-section-id=\"tjx39y\" data-start=\"1048\" data-end=\"1074\">7\/24 kesintisiz hizmet<\/li><li data-section-id=\"k9lg8t\" data-start=\"1075\" data-end=\"1106\">Maksimum konfor ve gizlilik<\/li><\/ul><h3 data-section-id=\"1ufz7rh\" data-start=\"1108\" data-end=\"1134\"><span role=\"text\"><strong data-start=\"1112\" data-end=\"1134\">Kimler \u0130\u00e7in Uygun?<\/strong><\/span><\/h3><p data-start=\"1136\" data-end=\"1159\">VIP transfer hizmeti;<\/p><ul data-start=\"1160\" data-end=\"1260\"><li data-section-id=\"128dur6\" data-start=\"1160\" data-end=\"1176\">\u0130\u015f insanlar\u0131<\/li><li data-section-id=\"1kswkuq\" data-start=\"1177\" data-end=\"1188\">Aileler<\/li><li data-section-id=\"1ljznvk\" data-start=\"1189\" data-end=\"1208\">Balay\u0131 \u00e7iftleri<\/li><li data-section-id=\"16jgqk\" data-start=\"1209\" data-end=\"1260\">Konforuna \u00f6nem veren t\u00fcm yolcular i\u00e7in idealdir<\/li><\/ul><h3 data-section-id=\"11f8wmb\" data-start=\"1262\" data-end=\"1308\"><span role=\"text\"><strong data-start=\"1266\" data-end=\"1308\">Neden VIP Transfer Tercih Etmelisiniz?<\/strong><\/span><\/h3><p data-start=\"1310\" data-end=\"1521\">Toplu ta\u015f\u0131ma veya standart transfer se\u00e7eneklerinin aksine, VIP transfer size tamamen \u00f6zel bir alan sunar. Bekleme, kalabal\u0131k veya belirsizlik yoktur. Her \u015fey planl\u0131, her \u015fey sizin konforunuz i\u00e7in tasarlanm\u0131\u015ft\u0131r.<\/p><p data-start=\"1523\" data-end=\"1628\">Havaliman\u0131 transferinizi \u015fimdi rezerve edin, yolculu\u011fun keyfini ilk dakikadan itibaren ya\u015famaya ba\u015flay\u0131n.<\/p>\t\t\t\t\t\t<\/div>\n\t\t\t\t<\/div>\n\t\t\t\t\t<\/div>\n\t\t<\/div>\n\t\t\t\t\t\t\t<\/div>\n\t\t<\/section>\n\t\t\t\t\t\t\t<\/div>","protected":false},"excerpt":{"rendered":"<p>Get4s VIP Havaliman\u0131 Transfer VIP havaliman\u0131 transfer hizmeti, konfor ve ayr\u0131cal\u0131\u011f\u0131 bir araya getirerek seyahatinizi \u00fcst seviyeye ta\u015f\u0131r. Havaliman\u0131na ini\u015f yapt\u0131\u011f\u0131n\u0131z anda sizi kar\u015f\u0131layan profesyonel s\u00fcr\u00fcc\u00fclerimiz ile beklemeden, stressiz ve konforlu bir yolculuk deneyimi ya\u015fars\u0131n\u0131z. L\u00fcks ve geni\u015f ara\u00e7lardan olu\u015fan filomuz sayesinde ister bireysel ister aile veya i\u015f seyahatlerinizde en uygun \u00e7\u00f6z\u00fcm\u00fc sunuyoruz. T\u00fcm ara\u00e7lar\u0131m\u0131z [&hellip;]<\/p>","protected":false},"author":1,"featured_media":0,"parent":0,"menu_order":0,"comment_status":"closed","ping_status":"closed","template":"","meta":{"footnotes":""},"class_list":["post-11648","page","type-page","status-publish","hentry"],"_links":{"self":[{"href":"https:\/\/www.get4s.com\/de\/wp-json\/wp\/v2\/pages\/11648","targetHints":{"allow":["GET"]}}],"collection":[{"href":"https:\/\/www.get4s.com\/de\/wp-json\/wp\/v2\/pages"}],"about":[{"href":"https:\/\/www.get4s.com\/de\/wp-json\/wp\/v2\/types\/page"}],"author":[{"embeddable":true,"href":"https:\/\/www.get4s.com\/de\/wp-json\/wp\/v2\/users\/1"}],"replies":[{"embeddable":true,"href":"https:\/\/www.get4s.com\/de\/wp-json\/wp\/v2\/comments?post=11648"}],"version-history":[{"count":7,"href":"https:\/\/www.get4s.com\/de\/wp-json\/wp\/v2\/pages\/11648\/revisions"}],"predecessor-version":[{"id":11655,"href":"https:\/\/www.get4s.com\/de\/wp-json\/wp\/v2\/pages\/11648\/revisions\/11655"}],"wp:attachment":[{"href":"https:\/\/www.get4s.com\/de\/wp-json\/wp\/v2\/media?parent=11648"}],"curies":[{"name":"wp","href":"https:\/\/api.w.org\/{rel}","templated":true}]}}