{"id":11661,"date":"2026-04-09T23:58:42","date_gmt":"2026-04-09T20:58:42","guid":{"rendered":"https:\/\/www.get4s.com\/?page_id=11661"},"modified":"2026-04-09T23:59:29","modified_gmt":"2026-04-09T20:59:29","slug":"otel-transferleri","status":"publish","type":"page","link":"https:\/\/www.get4s.com\/de\/otel-transferleri\/","title":{"rendered":"Otel Transferleri"},"content":{"rendered":"<div data-elementor-type=\"wp-page\" data-elementor-id=\"11661\" class=\"elementor elementor-11661\">\n\t\t\t\t\t\t\t\t\t<section class=\"elementor-section elementor-top-section elementor-element elementor-element-aeaf1cb elementor-section-content-middle elementor-section-boxed elementor-section-height-default elementor-section-height-default\" data-id=\"aeaf1cb\" data-element_type=\"section\">\n\t\t\t\t\t\t<div class=\"elementor-container elementor-column-gap-extended\">\n\t\t\t\t\t<div class=\"elementor-column elementor-col-100 elementor-top-column elementor-element elementor-element-1feb286 ot-flex-column-vertical\" data-id=\"1feb286\" data-element_type=\"column\">\n\t\t\t<div class=\"elementor-widget-wrap elementor-element-populated\">\n\t\t\t\t\t\t\t\t<div class=\"elementor-element elementor-element-841e06b elementor-widget elementor-widget-iheading\" data-id=\"841e06b\" data-element_type=\"widget\" data-widget_type=\"iheading.default\">\n\t\t\t\t<div class=\"elementor-widget-container\">\n\t\t\t\t\t<div class=\"ot-heading\">\r\n\t        <span class=\"is_highlight\">Get4s<\/span>\t        <h3 class=\"main-head\">Otel Transfer Hizmeti<\/h3>\t    <\/div>\r\n\t    \t\t<\/div>\n\t\t\t\t<\/div>\n\t\t\t\t<div class=\"elementor-element elementor-element-bb4f4ed elementor-widget elementor-widget-text-editor\" data-id=\"bb4f4ed\" data-element_type=\"widget\" data-widget_type=\"text-editor.default\">\n\t\t\t\t<div class=\"elementor-widget-container\">\n\t\t\t<style>\/*! elementor - v3.8.1 - 13-11-2022 *\/\n.elementor-widget-text-editor.elementor-drop-cap-view-stacked .elementor-drop-cap{background-color:#818a91;color:#fff}.elementor-widget-text-editor.elementor-drop-cap-view-framed .elementor-drop-cap{color:#818a91;border:3px solid;background-color:transparent}.elementor-widget-text-editor:not(.elementor-drop-cap-view-default) .elementor-drop-cap{margin-top:8px}.elementor-widget-text-editor:not(.elementor-drop-cap-view-default) .elementor-drop-cap-letter{width:1em;height:1em}.elementor-widget-text-editor .elementor-drop-cap{float:left;text-align:center;line-height:1;font-size:50px}.elementor-widget-text-editor .elementor-drop-cap-letter{display:inline-block}<\/style>\t\t\t\t<p data-start=\"320\" data-end=\"577\">Otel transfer hizmeti, havaliman\u0131ndan konaklayaca\u011f\u0131n\u0131z otele veya otelden havaliman\u0131na ula\u015f\u0131m\u0131n\u0131z\u0131 h\u0131zl\u0131, g\u00fcvenli ve konforlu hale getirir. U\u00e7u\u015f sonras\u0131 yorgunlu\u011funuzu d\u00fc\u015f\u00fcnerek sizi bekleyen profesyonel s\u00fcr\u00fcc\u00fclerimiz ile do\u011frudan otelinize ula\u015fabilirsiniz.<\/p><p data-start=\"579\" data-end=\"658\">Tatilinizin ilk an\u0131ndan son an\u0131na kadar sorunsuz bir ula\u015f\u0131m deneyimi sunuyoruz.<\/p><h3 data-section-id=\"1u0cus8\" data-start=\"660\" data-end=\"686\"><span role=\"text\"><strong data-start=\"664\" data-end=\"686\">Hizmet \u00d6zellikleri<\/strong><\/span><\/h3><ul data-start=\"688\" data-end=\"884\"><li data-section-id=\"1awjkc9\" data-start=\"688\" data-end=\"720\">Havaliman\u0131 kar\u015f\u0131lama hizmeti<\/li><li data-section-id=\"1lzsxyy\" data-start=\"721\" data-end=\"764\">Otelden havaliman\u0131na zaman\u0131nda transfer<\/li><li data-section-id=\"y2gz1d\" data-start=\"765\" data-end=\"795\">U\u00e7u\u015f saatine g\u00f6re planlama<\/li><li data-section-id=\"i2m9ww\" data-start=\"796\" data-end=\"827\">Konforlu ve bak\u0131ml\u0131 ara\u00e7lar<\/li><li data-section-id=\"189chbx\" data-start=\"828\" data-end=\"868\">Profesyonel ve g\u00fcler y\u00fczl\u00fc s\u00fcr\u00fcc\u00fcler<\/li><li data-section-id=\"1i28f0x\" data-start=\"869\" data-end=\"884\">7\/24 hizmet<\/li><\/ul><h3 data-section-id=\"1ufz7rh\" data-start=\"886\" data-end=\"912\"><span role=\"text\"><strong data-start=\"890\" data-end=\"912\">Kimler \u0130\u00e7in Uygun?<\/strong><\/span><\/h3><ul data-start=\"914\" data-end=\"1008\"><li data-section-id=\"1xttoyl\" data-start=\"914\" data-end=\"928\">Tatilciler<\/li><li data-section-id=\"1kswkuq\" data-start=\"929\" data-end=\"940\">Aileler<\/li><li data-section-id=\"1ljznvk\" data-start=\"941\" data-end=\"960\">Balay\u0131 \u00e7iftleri<\/li><li data-section-id=\"1c9zvnd\" data-start=\"961\" data-end=\"981\">Grup seyahatleri<\/li><li data-section-id=\"r2qfc1\" data-start=\"982\" data-end=\"1008\">\u0130\u015f seyahatinde olanlar<\/li><\/ul><h3 data-section-id=\"ylsgay\" data-start=\"1010\" data-end=\"1046\"><span role=\"text\"><strong data-start=\"1014\" data-end=\"1046\">Neden Otel Transfer Hizmeti?<\/strong><\/span><\/h3><p data-start=\"1048\" data-end=\"1284\">Yeni bir \u015fehre geldi\u011finizde ula\u015f\u0131m aramakla zaman kaybetmek yerine, sizi bekleyen bir ara\u00e7la do\u011frudan otelinize ula\u015fmak b\u00fcy\u00fck bir konfor sa\u011flar. Ayn\u0131 \u015fekilde d\u00f6n\u00fc\u015f yolculu\u011funuzda da zaman\u0131nda havaliman\u0131nda olman\u0131z garanti alt\u0131na al\u0131n\u0131r.<\/p><p data-start=\"1286\" data-end=\"1361\">G\u00fcvenli ve rahat bir yolculuk i\u00e7in otel transferinizi \u00f6nceden rezerve edin.<\/p>\t\t\t\t\t\t<\/div>\n\t\t\t\t<\/div>\n\t\t\t\t\t<\/div>\n\t\t<\/div>\n\t\t\t\t\t\t\t<\/div>\n\t\t<\/section>\n\t\t\t\t\t\t\t<\/div>","protected":false},"excerpt":{"rendered":"<p>Get4s Otel Transfer Hizmeti Otel transfer hizmeti, havaliman\u0131ndan konaklayaca\u011f\u0131n\u0131z otele veya otelden havaliman\u0131na ula\u015f\u0131m\u0131n\u0131z\u0131 h\u0131zl\u0131, g\u00fcvenli ve konforlu hale getirir. U\u00e7u\u015f sonras\u0131 yorgunlu\u011funuzu d\u00fc\u015f\u00fcnerek sizi bekleyen profesyonel s\u00fcr\u00fcc\u00fclerimiz ile do\u011frudan otelinize ula\u015fabilirsiniz. Tatilinizin ilk an\u0131ndan son an\u0131na kadar sorunsuz bir ula\u015f\u0131m deneyimi sunuyoruz. Hizmet \u00d6zellikleri Havaliman\u0131 kar\u015f\u0131lama hizmeti Otelden havaliman\u0131na zaman\u0131nda transfer U\u00e7u\u015f saatine g\u00f6re [&hellip;]<\/p>","protected":false},"author":1,"featured_media":0,"parent":0,"menu_order":0,"comment_status":"closed","ping_status":"closed","template":"","meta":{"footnotes":""},"class_list":["post-11661","page","type-page","status-publish","hentry"],"_links":{"self":[{"href":"https:\/\/www.get4s.com\/de\/wp-json\/wp\/v2\/pages\/11661","targetHints":{"allow":["GET"]}}],"collection":[{"href":"https:\/\/www.get4s.com\/de\/wp-json\/wp\/v2\/pages"}],"about":[{"href":"https:\/\/www.get4s.com\/de\/wp-json\/wp\/v2\/types\/page"}],"author":[{"embeddable":true,"href":"https:\/\/www.get4s.com\/de\/wp-json\/wp\/v2\/users\/1"}],"replies":[{"embeddable":true,"href":"https:\/\/www.get4s.com\/de\/wp-json\/wp\/v2\/comments?post=11661"}],"version-history":[{"count":4,"href":"https:\/\/www.get4s.com\/de\/wp-json\/wp\/v2\/pages\/11661\/revisions"}],"predecessor-version":[{"id":11665,"href":"https:\/\/www.get4s.com\/de\/wp-json\/wp\/v2\/pages\/11661\/revisions\/11665"}],"wp:attachment":[{"href":"https:\/\/www.get4s.com\/de\/wp-json\/wp\/v2\/media?parent=11661"}],"curies":[{"name":"wp","href":"https:\/\/api.w.org\/{rel}","templated":true}]}}