{"id":11666,"date":"2026-04-10T00:00:23","date_gmt":"2026-04-09T21:00:23","guid":{"rendered":"https:\/\/www.get4s.com\/?page_id=11666"},"modified":"2026-04-10T00:01:31","modified_gmt":"2026-04-09T21:01:31","slug":"sehirlerarasi-transfer-hizmeti","status":"publish","type":"page","link":"https:\/\/www.get4s.com\/de\/sehirlerarasi-transfer-hizmeti\/","title":{"rendered":"\u015eehirleraras\u0131 Transfer Hizmeti"},"content":{"rendered":"<div data-elementor-type=\"wp-page\" data-elementor-id=\"11666\" class=\"elementor elementor-11666\">\n\t\t\t\t\t\t\t\t\t<section class=\"elementor-section elementor-top-section elementor-element elementor-element-aeaf1cb elementor-section-content-middle elementor-section-boxed elementor-section-height-default elementor-section-height-default\" data-id=\"aeaf1cb\" data-element_type=\"section\">\n\t\t\t\t\t\t<div class=\"elementor-container elementor-column-gap-extended\">\n\t\t\t\t\t<div class=\"elementor-column elementor-col-100 elementor-top-column elementor-element elementor-element-1feb286 ot-flex-column-vertical\" data-id=\"1feb286\" data-element_type=\"column\">\n\t\t\t<div class=\"elementor-widget-wrap elementor-element-populated\">\n\t\t\t\t\t\t\t\t<div class=\"elementor-element elementor-element-841e06b elementor-widget elementor-widget-iheading\" data-id=\"841e06b\" data-element_type=\"widget\" data-widget_type=\"iheading.default\">\n\t\t\t\t<div class=\"elementor-widget-container\">\n\t\t\t\t\t<div class=\"ot-heading\">\r\n\t        <span class=\"is_highlight\">Get4s<\/span>\t        <h3 class=\"main-head\">\u015eehirleraras\u0131 Transfer Hizmeti<\/h3>\t    <\/div>\r\n\t    \t\t<\/div>\n\t\t\t\t<\/div>\n\t\t\t\t<div class=\"elementor-element elementor-element-bb4f4ed elementor-widget elementor-widget-text-editor\" data-id=\"bb4f4ed\" data-element_type=\"widget\" data-widget_type=\"text-editor.default\">\n\t\t\t\t<div class=\"elementor-widget-container\">\n\t\t\t<style>\/*! elementor - v3.8.1 - 13-11-2022 *\/\n.elementor-widget-text-editor.elementor-drop-cap-view-stacked .elementor-drop-cap{background-color:#818a91;color:#fff}.elementor-widget-text-editor.elementor-drop-cap-view-framed .elementor-drop-cap{color:#818a91;border:3px solid;background-color:transparent}.elementor-widget-text-editor:not(.elementor-drop-cap-view-default) .elementor-drop-cap{margin-top:8px}.elementor-widget-text-editor:not(.elementor-drop-cap-view-default) .elementor-drop-cap-letter{width:1em;height:1em}.elementor-widget-text-editor .elementor-drop-cap{float:left;text-align:center;line-height:1;font-size:50px}.elementor-widget-text-editor .elementor-drop-cap-letter{display:inline-block}<\/style>\t\t\t\t<p data-start=\"350\" data-end=\"596\">\u015eehirleraras\u0131 transfer hizmeti, uzun mesafeli yolculuklar\u0131n\u0131z\u0131 konforlu, g\u00fcvenli ve zahmetsiz hale getirir. U\u00e7ak, otob\u00fcs veya kendi arac\u0131n\u0131zla u\u011fra\u015fmak yerine, size \u00f6zel ara\u00e7 ve profesyonel s\u00fcr\u00fcc\u00fc ile kap\u0131dan kap\u0131ya ula\u015f\u0131m\u0131n keyfini \u00e7\u0131kar\u0131rs\u0131n\u0131z.<\/p><p data-start=\"598\" data-end=\"696\">\u0130ster tatil plan\u0131, ister i\u015f seyahati olsun; rotan\u0131z\u0131 siz belirleyin, biz sizi g\u00fcvenle ula\u015ft\u0131ral\u0131m.<\/p><h3 data-section-id=\"1u0cus8\" data-start=\"698\" data-end=\"724\"><span role=\"text\"><strong data-start=\"702\" data-end=\"724\">Hizmet \u00d6zellikleri<\/strong><\/span><\/h3><ul data-start=\"726\" data-end=\"891\"><li data-section-id=\"13xa4ps\" data-start=\"726\" data-end=\"751\">Kap\u0131dan kap\u0131ya ula\u015f\u0131m<\/li><li data-section-id=\"1kkii1x\" data-start=\"752\" data-end=\"776\">\u00d6zel \u015fof\u00f6rl\u00fc ara\u00e7lar<\/li><li data-section-id=\"1bv6c4o\" data-start=\"777\" data-end=\"802\">Esnek kalk\u0131\u015f saatleri<\/li><li data-section-id=\"12ogyxf\" data-start=\"803\" data-end=\"837\">Modern ve konforlu ara\u00e7 filosu<\/li><li data-section-id=\"jhpqvo\" data-start=\"838\" data-end=\"875\">Uzun mesafeye uygun g\u00fcvenli s\u00fcr\u00fc\u015f<\/li><li data-section-id=\"1i28f0x\" data-start=\"876\" data-end=\"891\">7\/24 hizmet<\/li><\/ul><h3 data-section-id=\"1cpjgnd\" data-start=\"893\" data-end=\"920\"><span role=\"text\"><strong data-start=\"897\" data-end=\"920\">Pop\u00fcler G\u00fczergahlar<\/strong><\/span><\/h3><ul data-start=\"922\" data-end=\"1043\"><li data-section-id=\"me8gi8\" data-start=\"922\" data-end=\"952\">Dalaman \u2013 Fethiye Transfer<\/li><li data-section-id=\"1twbir8\" data-start=\"953\" data-end=\"983\">Fethiye \u2013 Antalya Transfer<\/li><li data-section-id=\"e46rzj\" data-start=\"984\" data-end=\"1011\">\u0130zmir \u2013 Bodrum Transfer<\/li><li data-section-id=\"10i53yc\" data-start=\"1012\" data-end=\"1043\">Antalya \u2013 Marmaris Transfer<\/li><\/ul><p data-start=\"1045\" data-end=\"1101\">(SEO a\u00e7\u0131s\u0131ndan farkl\u0131 \u015fehir kombinasyonlar\u0131 eklenebilir)<\/p><h3 data-section-id=\"1ufz7rh\" data-start=\"1103\" data-end=\"1129\"><span role=\"text\"><strong data-start=\"1107\" data-end=\"1129\">Kimler \u0130\u00e7in Uygun?<\/strong><\/span><\/h3><ul data-start=\"1131\" data-end=\"1230\"><li data-section-id=\"1xttoyl\" data-start=\"1131\" data-end=\"1145\">Tatilciler<\/li><li data-section-id=\"12v1hou\" data-start=\"1146\" data-end=\"1168\">Aileler ve gruplar<\/li><li data-section-id=\"agx8w5\" data-start=\"1169\" data-end=\"1193\">\u0130\u015f seyahati yapanlar<\/li><li data-section-id=\"ypyxpq\" data-start=\"1194\" data-end=\"1230\">Konforlu yolculuk tercih edenler<\/li><\/ul><h3 data-section-id=\"1vccpkl\" data-start=\"1232\" data-end=\"1269\"><span role=\"text\"><strong data-start=\"1236\" data-end=\"1269\">Neden \u015eehirleraras\u0131 Transfer?<\/strong><\/span><\/h3><p data-start=\"1271\" data-end=\"1443\">Toplu ta\u015f\u0131ma saatlerine ba\u011fl\u0131 kalmadan, aktarma yapmadan ve yorulmadan seyahat edersiniz. Yolculuk boyunca mola verme, rota de\u011fi\u015ftirme gibi esneklikler tamamen size aittir.<\/p><p data-start=\"1445\" data-end=\"1534\">Uzun yolculuklar\u0131 keyifli hale getirmek i\u00e7in \u015fehirleraras\u0131 transferinizi hemen planlay\u0131n.<\/p>\t\t\t\t\t\t<\/div>\n\t\t\t\t<\/div>\n\t\t\t\t\t<\/div>\n\t\t<\/div>\n\t\t\t\t\t\t\t<\/div>\n\t\t<\/section>\n\t\t\t\t\t\t\t<\/div>","protected":false},"excerpt":{"rendered":"<p>Get4s \u015eehirleraras\u0131 Transfer Hizmeti \u015eehirleraras\u0131 transfer hizmeti, uzun mesafeli yolculuklar\u0131n\u0131z\u0131 konforlu, g\u00fcvenli ve zahmetsiz hale getirir. U\u00e7ak, otob\u00fcs veya kendi arac\u0131n\u0131zla u\u011fra\u015fmak yerine, size \u00f6zel ara\u00e7 ve profesyonel s\u00fcr\u00fcc\u00fc ile kap\u0131dan kap\u0131ya ula\u015f\u0131m\u0131n keyfini \u00e7\u0131kar\u0131rs\u0131n\u0131z. \u0130ster tatil plan\u0131, ister i\u015f seyahati olsun; rotan\u0131z\u0131 siz belirleyin, biz sizi g\u00fcvenle ula\u015ft\u0131ral\u0131m. Hizmet \u00d6zellikleri Kap\u0131dan kap\u0131ya ula\u015f\u0131m \u00d6zel [&hellip;]<\/p>","protected":false},"author":1,"featured_media":0,"parent":0,"menu_order":0,"comment_status":"closed","ping_status":"closed","template":"","meta":{"footnotes":""},"class_list":["post-11666","page","type-page","status-publish","hentry"],"_links":{"self":[{"href":"https:\/\/www.get4s.com\/de\/wp-json\/wp\/v2\/pages\/11666","targetHints":{"allow":["GET"]}}],"collection":[{"href":"https:\/\/www.get4s.com\/de\/wp-json\/wp\/v2\/pages"}],"about":[{"href":"https:\/\/www.get4s.com\/de\/wp-json\/wp\/v2\/types\/page"}],"author":[{"embeddable":true,"href":"https:\/\/www.get4s.com\/de\/wp-json\/wp\/v2\/users\/1"}],"replies":[{"embeddable":true,"href":"https:\/\/www.get4s.com\/de\/wp-json\/wp\/v2\/comments?post=11666"}],"version-history":[{"count":4,"href":"https:\/\/www.get4s.com\/de\/wp-json\/wp\/v2\/pages\/11666\/revisions"}],"predecessor-version":[{"id":11670,"href":"https:\/\/www.get4s.com\/de\/wp-json\/wp\/v2\/pages\/11666\/revisions\/11670"}],"wp:attachment":[{"href":"https:\/\/www.get4s.com\/de\/wp-json\/wp\/v2\/media?parent=11666"}],"curies":[{"name":"wp","href":"https:\/\/api.w.org\/{rel}","templated":true}]}}