{"id":487,"date":"2020-09-07T09:01:54","date_gmt":"2020-09-07T09:01:54","guid":{"rendered":"http:\/\/wpdemo.archiwp.com\/maxbizz\/?page_id=487"},"modified":"2022-12-20T09:20:23","modified_gmt":"2022-12-20T06:20:23","slug":"hakkimizda","status":"publish","type":"page","link":"https:\/\/www.get4s.com\/de\/hakkimizda\/","title":{"rendered":"Hakk\u0131m\u0131zda"},"content":{"rendered":"<div data-elementor-type=\"wp-page\" data-elementor-id=\"487\" class=\"elementor elementor-487\">\n\t\t\t\t\t\t\t\t\t<section class=\"elementor-section elementor-top-section elementor-element elementor-element-aeaf1cb elementor-section-content-middle elementor-section-boxed elementor-section-height-default elementor-section-height-default\" data-id=\"aeaf1cb\" data-element_type=\"section\">\n\t\t\t\t\t\t<div class=\"elementor-container elementor-column-gap-extended\">\n\t\t\t\t\t<div class=\"elementor-column elementor-col-100 elementor-top-column elementor-element elementor-element-1feb286 ot-flex-column-vertical\" data-id=\"1feb286\" data-element_type=\"column\">\n\t\t\t<div class=\"elementor-widget-wrap elementor-element-populated\">\n\t\t\t\t\t\t\t\t<div class=\"elementor-element elementor-element-841e06b elementor-widget elementor-widget-iheading\" data-id=\"841e06b\" data-element_type=\"widget\" data-widget_type=\"iheading.default\">\n\t\t\t\t<div class=\"elementor-widget-container\">\n\t\t\t\t\t<div class=\"ot-heading\">\r\n\t        <span class=\"is_highlight\">\u015eirket Profili<\/span>\t        <h3 class=\"main-head\">GET4S<\/h3>\t    <\/div>\r\n\t    \t\t<\/div>\n\t\t\t\t<\/div>\n\t\t\t\t<div class=\"elementor-element elementor-element-bb4f4ed elementor-widget elementor-widget-text-editor\" data-id=\"bb4f4ed\" data-element_type=\"widget\" data-widget_type=\"text-editor.default\">\n\t\t\t\t<div class=\"elementor-widget-container\">\n\t\t\t<style>\/*! elementor - v3.8.1 - 13-11-2022 *\/\n.elementor-widget-text-editor.elementor-drop-cap-view-stacked .elementor-drop-cap{background-color:#818a91;color:#fff}.elementor-widget-text-editor.elementor-drop-cap-view-framed .elementor-drop-cap{color:#818a91;border:3px solid;background-color:transparent}.elementor-widget-text-editor:not(.elementor-drop-cap-view-default) .elementor-drop-cap{margin-top:8px}.elementor-widget-text-editor:not(.elementor-drop-cap-view-default) .elementor-drop-cap-letter{width:1em;height:1em}.elementor-widget-text-editor .elementor-drop-cap{float:left;text-align:center;line-height:1;font-size:50px}.elementor-widget-text-editor .elementor-drop-cap-letter{display:inline-block}<\/style>\t\t\t\t<p><b>Get4S<\/b><span style=\"font-weight: 400;\"> misafirlerine en son trendlerle dizayn edilmi\u015f, nitelikli ve modern ara\u00e7lar\u0131 ile \u015fehir i\u00e7i ve \u015fehir d\u0131\u015f\u0131 transfer hizmeti sunman\u0131n yan\u0131 s\u0131ra di\u011fer markalar\u0131 arac\u0131l\u0131\u011f\u0131 ile ekstra hizmetler de sa\u011flamaktad\u0131r.<\/span><\/p><p><b>Get4 TravelS<\/b><span style=\"font-weight: 400;\"> sizlere tatiliniz boyunca Tekne Turu, Jeep Safari, Yama\u00e7 Para\u015f\u00fct\u00fc, Dal\u0131\u015f Aktivitesi, B\u00f6lgedeki di\u011fer Destinasyonlara G\u00fcn\u00fc Birlik Turlar ve daha fazlas\u0131n\u0131 bar\u0131nd\u0131ran bir acente markas\u0131d\u0131r.<\/span><\/p><p><b>Get4 HotelS<\/b><span style=\"font-weight: 400;\"> sizlere en iyi otel konaklama tatili imkan\u0131 sa\u011flar.<\/span><\/p><p><b>Get4 FlightS<\/b><span style=\"font-weight: 400;\">, U\u00e7ak Bileti ar\u0131yorsan\u0131z do\u011fru adrestesiniz.<\/span><\/p><p><b>Get4 HomeS<\/b><span style=\"font-weight: 400;\">, Uzun D\u00f6nem Kiral\u0131k ya da Sat\u0131l\u0131k Gayrimenkul ihtiya\u00e7lar\u0131n\u0131z i\u00e7in haz\u0131r\u0131z.<\/span><\/p><p><b>Get4 VillaS<\/b><span style=\"font-weight: 400;\">, Hizmetimiz sadece otel ile s\u0131n\u0131rl\u0131 kalm\u0131yor. Villa konular\u0131 hakk\u0131nda uzman ekibimiz sizlere Villa Kiralama \u0130htiya\u00e7lar\u0131n\u0131z i\u00e7in ayr\u0131ca en uygununu sa\u011fl\u0131yor.<\/span><\/p><p><span style=\"font-weight: 400;\">En \u00f6ncelikli misyonumuzu misafir memnuniyeti olarak belirledik. Bu vizyonda hizmet verdi\u011fimiz ta\u015f\u0131mac\u0131l\u0131k alan\u0131nda \u00f6zel dizayn edilmi\u015f Van ve Mini s\u0131n\u0131f\u0131nda bulunan ara\u00e7lar\u0131m\u0131z bulunmaktad\u0131r. Dalaman Havaliman\u0131 ve buna ba\u011fl\u0131 Fethiye\/Marmaris B\u00f6lgelerinin yan\u0131 s\u0131ra, Antalya Havaliman\u0131 ve bu b\u00f6lgelerden \u00e7\u0131k\u0131\u015fl\u0131 s\u0131n\u0131rs\u0131z \u00f6zel transfer ihtiya\u00e7lar\u0131n\u0131z i\u00e7in uzman ekiplerimiz her zaman size en uygununu sa\u011flamak i\u00e7in haz\u0131rlar.<\/span><\/p><p><b>Get4S<\/b><span style=\"font-weight: 400;\"> Olarak b\u00fcnyemizde bulunan ara\u00e7lar\u0131m\u0131z\u0131n tamam\u0131 g\u00fcvenli ve konforlu transfer deneyimi ya\u015fatmakta; \u015fehir i\u00e7i-\u015fehir d\u0131\u015f\u0131 tarifesiz yolcu ta\u015f\u0131ma alan\u0131nda tamam\u0131 belgeli ve t\u00fcm koltuklar\u0131 sigortal\u0131d\u0131r. S\u00fcr\u00fcc\u00fclerimiz prezantabl, dakik, gerekti\u011finde yabanc\u0131 dil bilen ve t\u00fcm gerekli sertifikalara sahip 20 y\u0131l\u0131n \u00fczerinde tecr\u00fcbeli dinamik ekiplerden olu\u015fmaktad\u0131r.<\/span><\/p>\t\t\t\t\t\t<\/div>\n\t\t\t\t<\/div>\n\t\t\t\t\t<\/div>\n\t\t<\/div>\n\t\t\t\t\t\t\t<\/div>\n\t\t<\/section>\n\t\t\t\t<section class=\"elementor-section elementor-top-section elementor-element elementor-element-6adec8a elementor-section-boxed elementor-section-height-default elementor-section-height-default\" data-id=\"6adec8a\" data-element_type=\"section\">\n\t\t\t\t\t\t<div class=\"elementor-container elementor-column-gap-narrow\">\n\t\t\t\t\t<div class=\"elementor-column elementor-col-50 elementor-top-column elementor-element elementor-element-2cde876 ot-flex-column-vertical\" data-id=\"2cde876\" data-element_type=\"column\">\n\t\t\t<div class=\"elementor-widget-wrap elementor-element-populated\">\n\t\t\t\t\t\t\t\t<div class=\"elementor-element elementor-element-3daf8d1 elementor-widget elementor-widget-image\" data-id=\"3daf8d1\" data-element_type=\"widget\" data-widget_type=\"image.default\">\n\t\t\t\t<div class=\"elementor-widget-container\">\n\t\t\t<style>\/*! elementor - v3.8.1 - 13-11-2022 *\/\n.elementor-widget-image{text-align:center}.elementor-widget-image a{display:inline-block}.elementor-widget-image a img[src$=\".svg\"]{width:48px}.elementor-widget-image img{vertical-align:middle;display:inline-block}<\/style>\t\t\t\t\t\t\t\t\t\t\t\t<img loading=\"lazy\" decoding=\"async\" width=\"1024\" height=\"683\" src=\"https:\/\/www.get4s.com\/wp-content\/uploads\/2022\/11\/slider-13rkbvox-1-1024x683.jpg\" class=\"attachment-large size-large\" alt=\"\" srcset=\"https:\/\/www.get4s.com\/wp-content\/uploads\/2022\/11\/slider-13rkbvox-1-1024x683.jpg 1024w, https:\/\/www.get4s.com\/wp-content\/uploads\/2022\/11\/slider-13rkbvox-1-300x200.jpg 300w, https:\/\/www.get4s.com\/wp-content\/uploads\/2022\/11\/slider-13rkbvox-1-600x400.jpg 600w, https:\/\/www.get4s.com\/wp-content\/uploads\/2022\/11\/slider-13rkbvox-1-768x512.jpg 768w, https:\/\/www.get4s.com\/wp-content\/uploads\/2022\/11\/slider-13rkbvox-1-460x306.jpg 460w, https:\/\/www.get4s.com\/wp-content\/uploads\/2022\/11\/slider-13rkbvox-1-800x533.jpg 800w, https:\/\/www.get4s.com\/wp-content\/uploads\/2022\/11\/slider-13rkbvox-1.jpg 1500w\" sizes=\"auto, (max-width: 1024px) 100vw, 1024px\" \/>\t\t\t\t\t\t\t\t\t\t\t\t\t\t\t<\/div>\n\t\t\t\t<\/div>\n\t\t\t\t\t<\/div>\n\t\t<\/div>\n\t\t\t\t<div class=\"elementor-column elementor-col-50 elementor-top-column elementor-element elementor-element-100e67f ot-flex-column-vertical\" data-id=\"100e67f\" data-element_type=\"column\">\n\t\t\t<div class=\"elementor-widget-wrap elementor-element-populated\">\n\t\t\t\t\t\t\t\t<div class=\"elementor-element elementor-element-d80082c elementor-widget elementor-widget-image\" data-id=\"d80082c\" data-element_type=\"widget\" data-widget_type=\"image.default\">\n\t\t\t\t<div class=\"elementor-widget-container\">\n\t\t\t\t\t\t\t\t\t\t\t\t\t\t\t<img loading=\"lazy\" decoding=\"async\" width=\"1024\" height=\"289\" src=\"https:\/\/www.get4s.com\/wp-content\/uploads\/2020\/07\/get4s_pdf-ai-1024x289.png\" class=\"attachment-large size-large\" alt=\"\" srcset=\"https:\/\/www.get4s.com\/wp-content\/uploads\/2020\/07\/get4s_pdf-ai-1024x289.png 1024w, https:\/\/www.get4s.com\/wp-content\/uploads\/2020\/07\/get4s_pdf-ai-300x85.png 300w, https:\/\/www.get4s.com\/wp-content\/uploads\/2020\/07\/get4s_pdf-ai-600x169.png 600w, https:\/\/www.get4s.com\/wp-content\/uploads\/2020\/07\/get4s_pdf-ai-768x217.png 768w, https:\/\/www.get4s.com\/wp-content\/uploads\/2020\/07\/get4s_pdf-ai-460x130.png 460w, https:\/\/www.get4s.com\/wp-content\/uploads\/2020\/07\/get4s_pdf-ai-800x226.png 800w, https:\/\/www.get4s.com\/wp-content\/uploads\/2020\/07\/get4s_pdf-ai.png 1052w\" sizes=\"auto, (max-width: 1024px) 100vw, 1024px\" \/>\t\t\t\t\t\t\t\t\t\t\t\t\t\t\t<\/div>\n\t\t\t\t<\/div>\n\t\t\t\t\t<\/div>\n\t\t<\/div>\n\t\t\t\t\t\t\t<\/div>\n\t\t<\/section>\n\t\t\t\t\t\t\t<\/div>","protected":false},"excerpt":{"rendered":"<p>\u015eirket Profili GET4S Get4S misafirlerine en son trendlerle dizayn edilmi\u015f, nitelikli ve modern ara\u00e7lar\u0131 ile \u015fehir i\u00e7i ve \u015fehir d\u0131\u015f\u0131 transfer hizmeti sunman\u0131n yan\u0131 s\u0131ra di\u011fer markalar\u0131 arac\u0131l\u0131\u011f\u0131 ile ekstra hizmetler de sa\u011flamaktad\u0131r. Get4 TravelS sizlere tatiliniz boyunca Tekne Turu, Jeep Safari, Yama\u00e7 Para\u015f\u00fct\u00fc, Dal\u0131\u015f Aktivitesi, B\u00f6lgedeki di\u011fer Destinasyonlara G\u00fcn\u00fc Birlik Turlar ve daha fazlas\u0131n\u0131 [&hellip;]<\/p>","protected":false},"author":1,"featured_media":0,"parent":0,"menu_order":0,"comment_status":"closed","ping_status":"closed","template":"","meta":{"footnotes":""},"class_list":["post-487","page","type-page","status-publish","hentry"],"_links":{"self":[{"href":"https:\/\/www.get4s.com\/de\/wp-json\/wp\/v2\/pages\/487","targetHints":{"allow":["GET"]}}],"collection":[{"href":"https:\/\/www.get4s.com\/de\/wp-json\/wp\/v2\/pages"}],"about":[{"href":"https:\/\/www.get4s.com\/de\/wp-json\/wp\/v2\/types\/page"}],"author":[{"embeddable":true,"href":"https:\/\/www.get4s.com\/de\/wp-json\/wp\/v2\/users\/1"}],"replies":[{"embeddable":true,"href":"https:\/\/www.get4s.com\/de\/wp-json\/wp\/v2\/comments?post=487"}],"version-history":[{"count":17,"href":"https:\/\/www.get4s.com\/de\/wp-json\/wp\/v2\/pages\/487\/revisions"}],"predecessor-version":[{"id":10887,"href":"https:\/\/www.get4s.com\/de\/wp-json\/wp\/v2\/pages\/487\/revisions\/10887"}],"wp:attachment":[{"href":"https:\/\/www.get4s.com\/de\/wp-json\/wp\/v2\/media?parent=487"}],"curies":[{"name":"wp","href":"https:\/\/api.w.org\/{rel}","templated":true}]}}