{"id":10861,"date":"2022-12-15T00:34:16","date_gmt":"2022-12-14T21:34:16","guid":{"rendered":"https:\/\/www.get4s.com\/en\/?page_id=10861"},"modified":"2026-04-14T18:36:00","modified_gmt":"2026-04-14T15:36:00","slug":"payment-methods","status":"publish","type":"page","link":"https:\/\/www.get4s.com\/en\/payment-methods\/","title":{"rendered":"Payment methods"},"content":{"rendered":"\t\t<div data-elementor-type=\"wp-page\" data-elementor-id=\"10861\" class=\"elementor elementor-10861\">\n\t\t\t\t\t\t\t\t\t<section class=\"elementor-section elementor-top-section elementor-element elementor-element-e11c486 elementor-section-boxed elementor-section-height-default elementor-section-height-default\" data-id=\"e11c486\" data-element_type=\"section\">\n\t\t\t\t\t\t<div class=\"elementor-container elementor-column-gap-wide\">\n\t\t\t\t\t<div class=\"elementor-column elementor-col-100 elementor-top-column elementor-element elementor-element-23c2e3e ot-flex-column-vertical\" data-id=\"23c2e3e\" data-element_type=\"column\">\n\t\t\t<div class=\"elementor-widget-wrap elementor-element-populated\">\n\t\t\t\t\t\t\t\t<div class=\"elementor-element elementor-element-29ab27a elementor-widget elementor-widget-heading\" data-id=\"29ab27a\" data-element_type=\"widget\" data-widget_type=\"heading.default\">\n\t\t\t\t<div class=\"elementor-widget-container\">\n\t\t\t<style>\/*! elementor - v3.8.1 - 13-11-2022 *\/\n.elementor-heading-title{padding:0;margin:0;line-height:1}.elementor-widget-heading .elementor-heading-title[class*=elementor-size-]>a{color:inherit;font-size:inherit;line-height:inherit}.elementor-widget-heading .elementor-heading-title.elementor-size-small{font-size:15px}.elementor-widget-heading .elementor-heading-title.elementor-size-medium{font-size:19px}.elementor-widget-heading .elementor-heading-title.elementor-size-large{font-size:29px}.elementor-widget-heading .elementor-heading-title.elementor-size-xl{font-size:39px}.elementor-widget-heading .elementor-heading-title.elementor-size-xxl{font-size:59px}<\/style><h2 class=\"elementor-heading-title elementor-size-default\">CREDIT OR DEBIT CARD\n<\/h2>\t\t<\/div>\n\t\t\t\t<\/div>\n\t\t\t\t<div class=\"elementor-element elementor-element-db9ac84 elementor-widget elementor-widget-text-editor\" data-id=\"db9ac84\" data-element_type=\"widget\" data-widget_type=\"text-editor.default\">\n\t\t\t\t<div class=\"elementor-widget-container\">\n\t\t\t<style>\/*! elementor - v3.8.1 - 13-11-2022 *\/\n.elementor-widget-text-editor.elementor-drop-cap-view-stacked .elementor-drop-cap{background-color:#818a91;color:#fff}.elementor-widget-text-editor.elementor-drop-cap-view-framed .elementor-drop-cap{color:#818a91;border:3px solid;background-color:transparent}.elementor-widget-text-editor:not(.elementor-drop-cap-view-default) .elementor-drop-cap{margin-top:8px}.elementor-widget-text-editor:not(.elementor-drop-cap-view-default) .elementor-drop-cap-letter{width:1em;height:1em}.elementor-widget-text-editor .elementor-drop-cap{float:left;text-align:center;line-height:1;font-size:50px}.elementor-widget-text-editor .elementor-drop-cap-letter{display:inline-block}<\/style>\t\t\t\t<p>VISA, Master Card, Maestro, American Express<\/p>\t\t\t\t\t\t<\/div>\n\t\t\t\t<\/div>\n\t\t\t\t<div class=\"elementor-element elementor-element-8e3486a elementor-widget elementor-widget-image\" data-id=\"8e3486a\" data-element_type=\"widget\" data-widget_type=\"image.default\">\n\t\t\t\t<div class=\"elementor-widget-container\">\n\t\t\t<style>\/*! elementor - v3.8.1 - 13-11-2022 *\/\n.elementor-widget-image{text-align:center}.elementor-widget-image a{display:inline-block}.elementor-widget-image a img[src$=\".svg\"]{width:48px}.elementor-widget-image img{vertical-align:middle;display:inline-block}<\/style>\t\t\t\t\t\t\t\t\t\t\t\t<img loading=\"lazy\" decoding=\"async\" width=\"556\" height=\"62\" src=\"https:\/\/www.get4s.com\/en\/wp-content\/uploads\/2022\/12\/255-2550378_-debit-mastercard-kopya.png\" class=\"attachment-large size-large\" alt=\"\" srcset=\"https:\/\/www.get4s.com\/en\/wp-content\/uploads\/2022\/12\/255-2550378_-debit-mastercard-kopya.png 556w, https:\/\/www.get4s.com\/en\/wp-content\/uploads\/2022\/12\/255-2550378_-debit-mastercard-kopya-300x33.png 300w, https:\/\/www.get4s.com\/en\/wp-content\/uploads\/2022\/12\/255-2550378_-debit-mastercard-kopya-18x2.png 18w, https:\/\/www.get4s.com\/en\/wp-content\/uploads\/2022\/12\/255-2550378_-debit-mastercard-kopya-460x51.png 460w\" sizes=\"auto, (max-width: 556px) 100vw, 556px\" \/>\t\t\t\t\t\t\t\t\t\t\t\t\t\t\t<\/div>\n\t\t\t\t<\/div>\n\t\t\t\t\t<\/div>\n\t\t<\/div>\n\t\t\t\t\t\t\t<\/div>\n\t\t<\/section>\n\t\t\t\t<section class=\"elementor-section elementor-top-section elementor-element elementor-element-514235b elementor-section-boxed elementor-section-height-default elementor-section-height-default\" data-id=\"514235b\" data-element_type=\"section\">\n\t\t\t\t\t\t<div class=\"elementor-container elementor-column-gap-extended\">\n\t\t\t\t\t<div class=\"elementor-column elementor-col-100 elementor-top-column elementor-element elementor-element-1b6dc59 ot-flex-column-vertical\" data-id=\"1b6dc59\" data-element_type=\"column\">\n\t\t\t<div class=\"elementor-widget-wrap elementor-element-populated\">\n\t\t\t\t\t\t\t\t<div class=\"elementor-element elementor-element-2d74fdc elementor-widget elementor-widget-heading\" data-id=\"2d74fdc\" data-element_type=\"widget\" data-widget_type=\"heading.default\">\n\t\t\t\t<div class=\"elementor-widget-container\">\n\t\t\t<h2 class=\"elementor-heading-title elementor-size-default\"> Payment Transfer <\/h2>\t\t<\/div>\n\t\t\t\t<\/div>\n\t\t\t\t<div class=\"elementor-element elementor-element-442698e elementor-widget elementor-widget-text-editor\" data-id=\"442698e\" data-element_type=\"widget\" data-widget_type=\"text-editor.default\">\n\t\t\t\t<div class=\"elementor-widget-container\">\n\t\t\t\t\t\t\t<p><strong>Business Days \/ Business Hours<\/strong><\/p><p><strong>24\/7 T\u00fcm Bankalar<\/strong><\/p><p>IBAN : TR720006701000000028961450<\/p><p>SWIFT Kodu (EUR, USD) : YAPITRISXXX<br \/>SWIFT Kodu (Di\u011fer D\u00f6viz Cinsleri) : YAPITRISFEX<\/p><p>B\u0130ZZ TUR\u0130ZM TA\u015eIMACILIK EMLAK T\u0130CARET L\u0130M\u0130TED \u015e\u0130RKET\u0130<\/p>\t\t\t\t\t\t<\/div>\n\t\t\t\t<\/div>\n\t\t\t\t\t<\/div>\n\t\t<\/div>\n\t\t\t\t\t\t\t<\/div>\n\t\t<\/section>\n\t\t\t\t\t\t\t<\/div>\n\t\t","protected":false},"excerpt":{"rendered":"<p>CREDIT OR DEBIT CARD VISA, Master Card, Maestro, American Express Payment Transfer Business Days \/ Business Hours 24\/7 T\u00fcm Bankalar IBAN : TR720006701000000028961450 SWIFT Kodu (EUR, USD) : YAPITRISXXXSWIFT Kodu (Di\u011fer D\u00f6viz Cinsleri) : YAPITRISFEX B\u0130ZZ TUR\u0130ZM TA\u015eIMACILIK EMLAK T\u0130CARET L\u0130M\u0130TED \u015e\u0130RKET\u0130<\/p>\n","protected":false},"author":1,"featured_media":0,"parent":0,"menu_order":0,"comment_status":"closed","ping_status":"closed","template":"","meta":{"inline_featured_image":false,"footnotes":""},"class_list":["post-10861","page","type-page","status-publish","hentry"],"_links":{"self":[{"href":"https:\/\/www.get4s.com\/en\/wp-json\/wp\/v2\/pages\/10861","targetHints":{"allow":["GET"]}}],"collection":[{"href":"https:\/\/www.get4s.com\/en\/wp-json\/wp\/v2\/pages"}],"about":[{"href":"https:\/\/www.get4s.com\/en\/wp-json\/wp\/v2\/types\/page"}],"author":[{"embeddable":true,"href":"https:\/\/www.get4s.com\/en\/wp-json\/wp\/v2\/users\/1"}],"replies":[{"embeddable":true,"href":"https:\/\/www.get4s.com\/en\/wp-json\/wp\/v2\/comments?post=10861"}],"version-history":[{"count":18,"href":"https:\/\/www.get4s.com\/en\/wp-json\/wp\/v2\/pages\/10861\/revisions"}],"predecessor-version":[{"id":11774,"href":"https:\/\/www.get4s.com\/en\/wp-json\/wp\/v2\/pages\/10861\/revisions\/11774"}],"wp:attachment":[{"href":"https:\/\/www.get4s.com\/en\/wp-json\/wp\/v2\/media?parent=10861"}],"curies":[{"name":"wp","href":"https:\/\/api.w.org\/{rel}","templated":true}]}}